{"id":2398,"date":"2023-10-26T16:24:08","date_gmt":"2023-10-26T14:24:08","guid":{"rendered":"https:\/\/www.wg-avocats.ch\/kontact\/"},"modified":"2025-02-04T13:28:12","modified_gmt":"2025-02-04T12:28:12","slug":"kontact","status":"publish","type":"page","link":"http:\/\/www.wg-avocats.ch\/de\/kontact\/","title":{"rendered":"Kontact"},"content":{"rendered":"\t\t<div data-elementor-type=\"wp-page\" data-elementor-id=\"2398\" class=\"elementor elementor-2398 elementor-838\" data-elementor-post-type=\"page\">\n\t\t\t\t<div class=\"elementor-element elementor-element-c8d21af e-con-full e-flex e-con e-parent\" data-id=\"c8d21af\" data-element_type=\"container\" data-e-type=\"container\" data-settings=\"{&quot;jet_parallax_layout_list&quot;:[],&quot;background_background&quot;:&quot;classic&quot;}\">\n\t\t<div class=\"elementor-element elementor-element-68bebe2 e-flex e-con-boxed e-con e-child\" data-id=\"68bebe2\" data-element_type=\"container\" data-e-type=\"container\" data-settings=\"{&quot;jet_parallax_layout_list&quot;:[]}\">\n\t\t\t\t\t<div class=\"e-con-inner\">\n\t\t\t\t<div class=\"elementor-element elementor-element-c75774c elementor-widget elementor-widget-heading\" data-id=\"c75774c\" data-element_type=\"widget\" data-e-type=\"widget\" data-widget_type=\"heading.default\">\n\t\t\t\t<div class=\"elementor-widget-container\">\n\t\t\t\t\t<h1 class=\"elementor-heading-title elementor-size-default\">Kontakt<\/h1>\t\t\t\t<\/div>\n\t\t\t\t<\/div>\n\t\t\t\t<div class=\"elementor-element elementor-element-5f3721e elementor-widget elementor-widget-text-editor\" data-id=\"5f3721e\" data-element_type=\"widget\" data-e-type=\"widget\" data-widget_type=\"text-editor.default\">\n\t\t\t\t<div class=\"elementor-widget-container\">\n\t\t\t\t\t\t\t\t\t<p>Avenue de Rumine 13<br \/>Postfach<br \/>CH &#8211; 1001 Lausanne<\/p>\t\t\t\t\t\t\t\t<\/div>\n\t\t\t\t<\/div>\n\t\t\t\t<div class=\"elementor-element elementor-element-7e80c3c elementor-widget elementor-widget-text-editor\" data-id=\"7e80c3c\" data-element_type=\"widget\" data-e-type=\"widget\" data-widget_type=\"text-editor.default\">\n\t\t\t\t<div class=\"elementor-widget-container\">\n\t\t\t\t\t\t\t\t\t<p>Unsere Kanzlei ist zentral gelegen. Sie ist 10 Minuten zu Fu\u00df vom Bahnhof (SBB) Lausanne entfernt und liegt gleich oberhalb der Strasse Bellefontaine.<\/p>\t\t\t\t\t\t\t\t<\/div>\n\t\t\t\t<\/div>\n\t\t<div class=\"elementor-element elementor-element-6e2a769 e-con-full e-flex e-con e-child\" data-id=\"6e2a769\" data-element_type=\"container\" data-e-type=\"container\" data-settings=\"{&quot;jet_parallax_layout_list&quot;:[]}\">\n\t\t<div class=\"elementor-element elementor-element-2bf1aa7 e-con-full e-flex e-con e-child\" data-id=\"2bf1aa7\" data-element_type=\"container\" data-e-type=\"container\" data-settings=\"{&quot;jet_parallax_layout_list&quot;:[]}\">\n\t\t\t\t<div class=\"elementor-element elementor-element-bafddbf elementor-view-default elementor-widget elementor-widget-icon\" data-id=\"bafddbf\" data-element_type=\"widget\" data-e-type=\"widget\" data-widget_type=\"icon.default\">\n\t\t\t\t<div class=\"elementor-widget-container\">\n\t\t\t\t\t\t\t<div class=\"elementor-icon-wrapper\">\n\t\t\t<div class=\"elementor-icon\">\n\t\t\t<svg xmlns=\"http:\/\/www.w3.org\/2000\/svg\" width=\"24\" height=\"25\" viewBox=\"0 0 24 25\" fill=\"none\"><path d=\"M4 20.9667C3.45 20.9667 2.97917 20.7708 2.5875 20.3792C2.19583 19.9875 2 19.5167 2 18.9667V6.96667C2 6.41667 2.19583 5.94584 2.5875 5.55417C2.97917 5.16251 3.45 4.96667 4 4.96667H20C20.55 4.96667 21.0208 5.16251 21.4125 5.55417C21.8042 5.94584 22 6.41667 22 6.96667V18.9667C22 19.5167 21.8042 19.9875 21.4125 20.3792C21.0208 20.7708 20.55 20.9667 20 20.9667H4ZM12 13.9667L4 8.96667V18.9667H20V8.96667L12 13.9667ZM12 11.9667L20 6.96667H4L12 11.9667ZM4 8.96667V6.96667V18.9667V8.96667Z\" fill=\"#367FE6\"><\/path><\/svg>\t\t\t<\/div>\n\t\t<\/div>\n\t\t\t\t\t\t<\/div>\n\t\t\t\t<\/div>\n\t\t\t\t<div class=\"elementor-element elementor-element-f8d938d mail elementor-widget elementor-widget-text-editor\" data-id=\"f8d938d\" data-element_type=\"widget\" data-e-type=\"widget\" data-widget_type=\"text-editor.default\">\n\t\t\t\t<div class=\"elementor-widget-container\">\n\t\t\t\t\t\t\t\t\t<p><a href=\"mailto:info@wg-avocats.ch\">info@wg-avocats.ch<\/a><\/p>\t\t\t\t\t\t\t\t<\/div>\n\t\t\t\t<\/div>\n\t\t\t\t<\/div>\n\t\t<div class=\"elementor-element elementor-element-f87ec17 e-con-full e-flex e-con e-child\" data-id=\"f87ec17\" data-element_type=\"container\" data-e-type=\"container\" data-settings=\"{&quot;jet_parallax_layout_list&quot;:[]}\">\n\t\t\t\t<div class=\"elementor-element elementor-element-ee4351d elementor-view-default elementor-widget elementor-widget-icon\" data-id=\"ee4351d\" data-element_type=\"widget\" data-e-type=\"widget\" data-widget_type=\"icon.default\">\n\t\t\t\t<div class=\"elementor-widget-container\">\n\t\t\t\t\t\t\t<div class=\"elementor-icon-wrapper\">\n\t\t\t<div class=\"elementor-icon\">\n\t\t\t<svg xmlns=\"http:\/\/www.w3.org\/2000\/svg\" width=\"24\" height=\"25\" viewBox=\"0 0 24 25\" fill=\"none\"><path d=\"M19.95 21.4667C17.8667 21.4667 15.8083 21.0125 13.775 20.1042C11.7417 19.1958 9.89167 17.9083 8.225 16.2417C6.55833 14.575 5.27083 12.725 4.3625 10.6917C3.45417 8.65834 3 6.60001 3 4.51667C3 4.21667 3.1 3.96667 3.3 3.76667C3.5 3.56667 3.75 3.46667 4.05 3.46667H8.1C8.33333 3.46667 8.54167 3.54584 8.725 3.70417C8.90833 3.86251 9.01667 4.05001 9.05 4.26667L9.7 7.76667C9.73333 8.03334 9.725 8.25834 9.675 8.44167C9.625 8.62501 9.53333 8.78334 9.4 8.91668L6.975 11.3667C7.30833 11.9833 7.70417 12.5792 8.1625 13.1542C8.62083 13.7292 9.125 14.2833 9.675 14.8167C10.1917 15.3333 10.7333 15.8125 11.3 16.2542C11.8667 16.6958 12.4667 17.1 13.1 17.4667L15.45 15.1167C15.6 14.9667 15.7958 14.8542 16.0375 14.7792C16.2792 14.7042 16.5167 14.6833 16.75 14.7167L20.2 15.4167C20.4333 15.4833 20.625 15.6042 20.775 15.7792C20.925 15.9542 21 16.15 21 16.3667V20.4167C21 20.7167 20.9 20.9667 20.7 21.1667C20.5 21.3667 20.25 21.4667 19.95 21.4667ZM6.025 9.46667L7.675 7.81667L7.25 5.46667H5.025C5.10833 6.15001 5.225 6.82501 5.375 7.49167C5.525 8.15834 5.74167 8.81667 6.025 9.46667ZM14.975 18.4167C15.625 18.7 16.2875 18.925 16.9625 19.0917C17.6375 19.2583 18.3167 19.3667 19 19.4167V17.2167L16.65 16.7417L14.975 18.4167Z\" fill=\"#367FE6\"><\/path><\/svg>\t\t\t<\/div>\n\t\t<\/div>\n\t\t\t\t\t\t<\/div>\n\t\t\t\t<\/div>\n\t\t\t\t<div class=\"elementor-element elementor-element-f8e139d elementor-widget elementor-widget-text-editor\" data-id=\"f8e139d\" data-element_type=\"widget\" data-e-type=\"widget\" data-widget_type=\"text-editor.default\">\n\t\t\t\t<div class=\"elementor-widget-container\">\n\t\t\t\t\t\t\t\t\t<p>+41 21 711 71 00<\/p>\t\t\t\t\t\t\t\t<\/div>\n\t\t\t\t<\/div>\n\t\t\t\t<\/div>\n\t\t\t\t<\/div>\n\t\t\t\t<div class=\"elementor-element elementor-element-f0ae15c elementor-widget elementor-widget-text-editor\" data-id=\"f0ae15c\" data-element_type=\"widget\" data-e-type=\"widget\" data-widget_type=\"text-editor.default\">\n\t\t\t\t<div class=\"elementor-widget-container\">\n\t\t\t\t\t\t\t\t\t<p>Wir geben keine telefonische Ausk\u00fcnfte. Sie haben die M\u00f6glichkeit, einen kostenpflichtigen Gespr\u00e4chstermin zu vereinbaren.<\/p>\t\t\t\t\t\t\t\t<\/div>\n\t\t\t\t<\/div>\n\t\t\t\t\t<\/div>\n\t\t\t\t<\/div>\n\t\t<div class=\"elementor-element elementor-element-6b38bcc e-flex e-con-boxed e-con e-child\" data-id=\"6b38bcc\" data-element_type=\"container\" data-e-type=\"container\" data-settings=\"{&quot;jet_parallax_layout_list&quot;:[],&quot;background_background&quot;:&quot;classic&quot;}\">\n\t\t\t\t\t<div class=\"e-con-inner\">\n\t\t\t\t<div class=\"elementor-element elementor-element-c9508d7 elementor-button-align-start elementor-widget elementor-widget-form\" data-id=\"c9508d7\" data-element_type=\"widget\" data-e-type=\"widget\" data-settings=\"{&quot;step_next_label&quot;:&quot;Suivant&quot;,&quot;step_previous_label&quot;:&quot;Pr\\u00e9c\\u00e9dent&quot;,&quot;button_width&quot;:&quot;100&quot;,&quot;step_type&quot;:&quot;number_text&quot;,&quot;step_icon_shape&quot;:&quot;circle&quot;}\" data-widget_type=\"form.default\">\n\t\t\t\t<div class=\"elementor-widget-container\">\n\t\t\t\t\t\t\t<form class=\"elementor-form\" method=\"post\" name=\"Nouveau formulaire\" aria-label=\"Nouveau formulaire\">\n\t\t\t<input type=\"hidden\" name=\"post_id\" value=\"2398\"\/>\n\t\t\t<input type=\"hidden\" name=\"form_id\" value=\"c9508d7\"\/>\n\t\t\t<input type=\"hidden\" name=\"referer_title\" value=\"Kontact | Wilhelm Avocats\" \/>\n\n\t\t\t\t\t\t\t<input type=\"hidden\" name=\"queried_id\" value=\"2398\"\/>\n\t\t\t\n\t\t\t<div class=\"elementor-form-fields-wrapper elementor-labels-above\">\n\t\t\t\t\t\t\t\t<div class=\"elementor-field-type-text elementor-field-group elementor-column elementor-field-group-name elementor-col-100\">\n\t\t\t\t\t\t\t\t\t\t\t\t\t<input size=\"1\" type=\"text\" name=\"form_fields[name]\" id=\"form-field-name\" class=\"elementor-field elementor-size-sm  elementor-field-textual\" placeholder=\"Name\">\n\t\t\t\t\t\t\t\t\t\t\t<\/div>\n\t\t\t\t\t\t\t\t<div class=\"elementor-field-type-email elementor-field-group elementor-column elementor-field-group-email elementor-col-100 elementor-field-required elementor-mark-required\">\n\t\t\t\t\t\t\t\t\t\t\t\t\t<input size=\"1\" type=\"email\" name=\"form_fields[email]\" id=\"form-field-email\" class=\"elementor-field elementor-size-sm  elementor-field-textual\" placeholder=\"E-mail\" required=\"required\">\n\t\t\t\t\t\t\t\t\t\t\t<\/div>\n\t\t\t\t\t\t\t\t<div class=\"elementor-field-type-textarea elementor-field-group elementor-column elementor-field-group-message elementor-col-100\">\n\t\t\t\t\t<textarea class=\"elementor-field-textual elementor-field  elementor-size-sm\" name=\"form_fields[message]\" id=\"form-field-message\" rows=\"4\" placeholder=\"Nachricht\"><\/textarea>\t\t\t\t<\/div>\n\t\t\t\t\t\t\t\t<div class=\"elementor-field-type-acceptance elementor-field-group elementor-column elementor-field-group-field_002ddb9 elementor-col-100 elementor-field-required elementor-mark-required\">\n\t\t\t\t\t\t\t\t\t\t\t\t<label for=\"form-field-field_002ddb9\" class=\"elementor-field-label\">\n\t\t\t\t\t\t\t\tDatenschutzpolitik\t\t\t\t\t\t\t<\/label>\n\t\t\t\t\t\t\t\t<div class=\"elementor-field-subgroup\">\n\t\t\t<span class=\"elementor-field-option\">\n\t\t\t\t<input type=\"checkbox\" name=\"form_fields[field_002ddb9]\" id=\"form-field-field_002ddb9\" class=\"elementor-field elementor-size-sm  elementor-acceptance-field\" required=\"required\">\n\t\t\t\t<label for=\"form-field-field_002ddb9\">Ich stimme der Verarbeitung meiner pers\u00f6nlichen Daten gem\u00e4\u00df der Datenschutzpolitik zu<\/label>\t\t\t<\/span>\n\t\t<\/div>\n\t\t\t\t\t\t<\/div>\n\t\t\t\t\t\t\t\t<div class=\"elementor-field-group elementor-column elementor-field-type-submit elementor-col-100 e-form__buttons\">\n\t\t\t\t\t<button class=\"elementor-button elementor-size-sm\" type=\"submit\">\n\t\t\t\t\t\t<span class=\"elementor-button-content-wrapper\">\n\t\t\t\t\t\t\t\t\t\t\t\t\t\t\t<span class=\"elementor-button-icon\">\n\t\t\t\t\t\t\t\t\t<svg xmlns=\"http:\/\/www.w3.org\/2000\/svg\" width=\"18\" height=\"19\" viewBox=\"0 0 18 19\" fill=\"none\"><path d=\"M4.05 15.9667L3 14.9167L11.7 6.21667H6.75V4.71667H14.25V12.2167H12.75V7.26667L4.05 15.9667Z\" fill=\"white\"><\/path><\/svg>\t\t\t\t\t\t\t\t\t\t\t\t\t\t\t\t\t<\/span>\n\t\t\t\t\t\t\t\t\t\t\t\t\t\t\t\t\t\t\t\t\t\t<span class=\"elementor-button-text\">Schicken<\/span>\n\t\t\t\t\t\t\t\t\t\t\t\t\t<\/span>\n\t\t\t\t\t<\/button>\n\t\t\t\t<\/div>\n\t\t\t<\/div>\n\t\t<\/form>\n\t\t\t\t\t\t<\/div>\n\t\t\t\t<\/div>\n\t\t\t\t\t<\/div>\n\t\t\t\t<\/div>\n\t\t\t\t<\/div>\n\t\t\t\t<\/div>\n\t\t","protected":false},"excerpt":{"rendered":"<p>Kontakt Avenue de Rumine 13PostfachCH &#8211; 1001 Lausanne Unsere Kanzlei ist zentral gelegen. Sie ist 10 Minuten zu Fu\u00df vom Bahnhof (SBB) Lausanne entfernt und liegt gleich oberhalb der Strasse Bellefontaine. info@wg-avocats.ch +41 21 711 71 00 Wir geben keine telefonische Ausk\u00fcnfte. Sie haben die M\u00f6glichkeit, einen kostenpflichtigen Gespr\u00e4chstermin zu vereinbaren.<\/p>\n","protected":false},"author":1,"featured_media":0,"parent":0,"menu_order":0,"comment_status":"closed","ping_status":"closed","template":"","meta":{"footnotes":""},"class_list":["post-2398","page","type-page","status-publish","hentry"],"_links":{"self":[{"href":"https:\/\/www.wg-avocats.ch\/de\/wp-json\/wp\/v2\/pages\/2398","targetHints":{"allow":["GET"]}}],"collection":[{"href":"https:\/\/www.wg-avocats.ch\/de\/wp-json\/wp\/v2\/pages"}],"about":[{"href":"https:\/\/www.wg-avocats.ch\/de\/wp-json\/wp\/v2\/types\/page"}],"author":[{"embeddable":true,"href":"https:\/\/www.wg-avocats.ch\/de\/wp-json\/wp\/v2\/users\/1"}],"replies":[{"embeddable":true,"href":"https:\/\/www.wg-avocats.ch\/de\/wp-json\/wp\/v2\/comments?post=2398"}],"version-history":[{"count":0,"href":"https:\/\/www.wg-avocats.ch\/de\/wp-json\/wp\/v2\/pages\/2398\/revisions"}],"wp:attachment":[{"href":"https:\/\/www.wg-avocats.ch\/de\/wp-json\/wp\/v2\/media?parent=2398"}],"curies":[{"name":"wp","href":"https:\/\/api.w.org\/{rel}","templated":true}]}}